{"id":98,"date":"2024-02-17T11:32:01","date_gmt":"2024-02-17T10:32:01","guid":{"rendered":"https:\/\/www.steffy.at\/?page_id=98"},"modified":"2025-04-15T22:45:36","modified_gmt":"2025-04-15T20:45:36","slug":"meine-motivation","status":"publish","type":"page","link":"https:\/\/www.steffy.at\/index.php\/meine-motivation\/","title":{"rendered":"Meine Motivation"},"content":{"rendered":"\n<p>All mein Wissen und Gelerntes aus 20 Jahren Mutter und Begleiterin m\u00f6chte ich weitergeben. Der Drang in mir, das alles in die Welt zu tragen, ist so gro\u00df, dass es mich fast \u00fcberstr\u00f6mt.<\/p>\n\n\n\n<p>Ich sp\u00fcre stark, dass es in der heutigen Zeit dringend gebraucht wird, Menschen auf ihrem Weg zu begleiten und ihnen dabei zu helfen, eine eigene, neue Perspektive aus sich selbst heraus zu st\u00e4rken.<\/p>\n\n\n\n<figure class=\"wp-block-image size-large\"><img loading=\"lazy\" decoding=\"async\" width=\"1024\" height=\"683\" src=\"https:\/\/www.steffy.at\/wp-content\/uploads\/2024\/04\/steffy_borgwardt\u00a9susanne_auer-web-18-1024x683.jpg\" alt=\"\" class=\"wp-image-470\" srcset=\"https:\/\/www.steffy.at\/wp-content\/uploads\/2024\/04\/steffy_borgwardt\u00a9susanne_auer-web-18-1024x683.jpg 1024w, https:\/\/www.steffy.at\/wp-content\/uploads\/2024\/04\/steffy_borgwardt\u00a9susanne_auer-web-18-300x200.jpg 300w, https:\/\/www.steffy.at\/wp-content\/uploads\/2024\/04\/steffy_borgwardt\u00a9susanne_auer-web-18-768x512.jpg 768w, https:\/\/www.steffy.at\/wp-content\/uploads\/2024\/04\/steffy_borgwardt\u00a9susanne_auer-web-18-1536x1024.jpg 1536w, https:\/\/www.steffy.at\/wp-content\/uploads\/2024\/04\/steffy_borgwardt\u00a9susanne_auer-web-18-2048x1365.jpg 2048w\" sizes=\"auto, (max-width: 767px) 89vw, (max-width: 1000px) 54vw, (max-width: 1071px) 543px, 580px\" \/><\/figure>\n","protected":false},"excerpt":{"rendered":"<p>All mein Wissen und Gelerntes aus 20 Jahren Mutter und Begleiterin m\u00f6chte ich weitergeben. Der Drang in mir, das alles in die Welt zu tragen, ist so gro\u00df, dass es mich fast \u00fcberstr\u00f6mt. Ich sp\u00fcre stark, dass es in der heutigen Zeit dringend gebraucht wird, Menschen auf ihrem Weg zu begleiten und ihnen dabei zu &hellip; <\/p>\n<p class=\"link-more\"><a href=\"https:\/\/www.steffy.at\/index.php\/meine-motivation\/\" class=\"more-link\">Continue reading<span class=\"screen-reader-text\"> &#8222;Meine Motivation&#8220;<\/span><\/a><\/p>\n","protected":false},"author":2,"featured_media":164,"parent":0,"menu_order":0,"comment_status":"closed","ping_status":"closed","template":"","meta":{"footnotes":""},"class_list":["post-98","page","type-page","status-publish","has-post-thumbnail","hentry"],"_links":{"self":[{"href":"https:\/\/www.steffy.at\/index.php\/wp-json\/wp\/v2\/pages\/98","targetHints":{"allow":["GET"]}}],"collection":[{"href":"https:\/\/www.steffy.at\/index.php\/wp-json\/wp\/v2\/pages"}],"about":[{"href":"https:\/\/www.steffy.at\/index.php\/wp-json\/wp\/v2\/types\/page"}],"author":[{"embeddable":true,"href":"https:\/\/www.steffy.at\/index.php\/wp-json\/wp\/v2\/users\/2"}],"replies":[{"embeddable":true,"href":"https:\/\/www.steffy.at\/index.php\/wp-json\/wp\/v2\/comments?post=98"}],"version-history":[{"count":11,"href":"https:\/\/www.steffy.at\/index.php\/wp-json\/wp\/v2\/pages\/98\/revisions"}],"predecessor-version":[{"id":870,"href":"https:\/\/www.steffy.at\/index.php\/wp-json\/wp\/v2\/pages\/98\/revisions\/870"}],"wp:featuredmedia":[{"embeddable":true,"href":"https:\/\/www.steffy.at\/index.php\/wp-json\/wp\/v2\/media\/164"}],"wp:attachment":[{"href":"https:\/\/www.steffy.at\/index.php\/wp-json\/wp\/v2\/media?parent=98"}],"curies":[{"name":"wp","href":"https:\/\/api.w.org\/{rel}","templated":true}]}}