{"id":80,"date":"2024-02-17T11:21:03","date_gmt":"2024-02-17T10:21:03","guid":{"rendered":"https:\/\/www.steffy.at\/?page_id=80"},"modified":"2024-05-27T11:22:25","modified_gmt":"2024-05-27T09:22:25","slug":"und-jetzt-bist-du-dran","status":"publish","type":"page","link":"https:\/\/www.steffy.at\/index.php\/und-jetzt-bist-du-dran\/","title":{"rendered":"&#8230; und jetzt bist Du dran"},"content":{"rendered":"\n<p><strong>Du hast Kinder und &#8230;<\/strong><\/p>\n\n\n\n<p>&#8230; f\u00fchlst du dich manchmal nicht wohl als Mutter oder Vater?<\/p>\n\n\n\n<p>&#8230; bist manchmal von dir entt\u00e4uscht, wenn du dich mit deinen Kindern reden h\u00f6rst?<\/p>\n\n\n\n<p>&#8230; f\u00fchlst dich manchmal \u00fcberfordert mit deinem w\u00fctenden Kind?<\/p>\n\n\n\n<p>&#8230; ertappst dich manchmal dabei, deine Familie mit anderen zu vergleichen und dich dann schlecht zu f\u00fchlen?<\/p>\n\n\n\n<p>&#8230; glaubst manchmal du kommst zu kurz?<\/p>\n\n\n\n<p>&#8230; glaubst manchmal es geht sich nicht aus?<\/p>\n\n\n\n<p>&#8230; glaubst manchmal du k\u00f6nntest es besser hinkriegen?<\/p>\n\n\n\n<p>Themen die immer wieder auftauchen wie Daumenlutschen, Essen, Geschwister, Schwangerschaft, Stillen, Windel, Pubert\u00e4t &#8230;<\/p>\n\n\n\n<p><strong>Du hast keine Kinder und &#8230;<\/strong><\/p>\n\n\n\n<p>&#8230; hast manchmal Selbstzweifel?<\/p>\n\n\n\n<p>&#8230; f\u00fchlst dich \u00fcberfordert in herausfordernden Situationen?<\/p>\n\n\n\n<p>&#8230; f\u00fchlst dich nicht gesehen?<\/p>\n\n\n\n<p><\/p>\n\n\n\n<p>Der Weg den wir gemeinsam gehen, bringt dich auf sanfte und liebevolle Weise zur\u00fcck zu dir selbst.<\/p>\n\n\n\n<p>Du sp\u00fcrst Sicherheit beim treffen von Entscheidungen und lebst ein Leben im Einklang mit dir selbst und deiner Familie.<\/p>\n\n\n\n<p style=\"font-size:15px\">&#8222;<em>Es ist wichtig, dass wir auch unsere Eltern verstehen, und was die durchgemacht haben. Auch unsere Eltern waren bestimmten Eltern ausgesetzt, und die Dinge \u00fcbertragen sich von Generation zu Generation. Unsere Aufgabe ist es, alte Muster zu durchbrechen.&#8220; Irvin D. Yalom<\/em><\/p>\n\n\n\n<figure class=\"wp-block-gallery has-nested-images columns-default is-cropped wp-block-gallery-1 is-layout-flex wp-block-gallery-is-layout-flex\">\n<figure class=\"wp-block-image size-large is-style-default\"><img loading=\"lazy\" decoding=\"async\" width=\"1024\" height=\"683\" data-id=\"479\" src=\"https:\/\/www.steffy.at\/wp-content\/uploads\/2024\/04\/steffy_borgwardt\u00a9susanne_auer-web-2-1024x683.jpg\" alt=\"\" class=\"wp-image-479\" srcset=\"https:\/\/www.steffy.at\/wp-content\/uploads\/2024\/04\/steffy_borgwardt\u00a9susanne_auer-web-2-1024x683.jpg 1024w, https:\/\/www.steffy.at\/wp-content\/uploads\/2024\/04\/steffy_borgwardt\u00a9susanne_auer-web-2-300x200.jpg 300w, https:\/\/www.steffy.at\/wp-content\/uploads\/2024\/04\/steffy_borgwardt\u00a9susanne_auer-web-2-768x512.jpg 768w, https:\/\/www.steffy.at\/wp-content\/uploads\/2024\/04\/steffy_borgwardt\u00a9susanne_auer-web-2-1536x1024.jpg 1536w, https:\/\/www.steffy.at\/wp-content\/uploads\/2024\/04\/steffy_borgwardt\u00a9susanne_auer-web-2-2048x1365.jpg 2048w\" sizes=\"auto, (max-width: 767px) 89vw, (max-width: 1000px) 54vw, (max-width: 1071px) 543px, 580px\" \/><\/figure>\n<\/figure>\n\n\n\n<figure class=\"wp-block-image size-large\"><img loading=\"lazy\" decoding=\"async\" width=\"1024\" height=\"683\" src=\"https:\/\/www.steffy.at\/wp-content\/uploads\/2024\/04\/steffy_borgwardt\u00a9susanne_auer-web-3-1024x683.jpg\" alt=\"\" class=\"wp-image-482\" srcset=\"https:\/\/www.steffy.at\/wp-content\/uploads\/2024\/04\/steffy_borgwardt\u00a9susanne_auer-web-3-1024x683.jpg 1024w, https:\/\/www.steffy.at\/wp-content\/uploads\/2024\/04\/steffy_borgwardt\u00a9susanne_auer-web-3-300x200.jpg 300w, https:\/\/www.steffy.at\/wp-content\/uploads\/2024\/04\/steffy_borgwardt\u00a9susanne_auer-web-3-768x512.jpg 768w, https:\/\/www.steffy.at\/wp-content\/uploads\/2024\/04\/steffy_borgwardt\u00a9susanne_auer-web-3-1536x1024.jpg 1536w, https:\/\/www.steffy.at\/wp-content\/uploads\/2024\/04\/steffy_borgwardt\u00a9susanne_auer-web-3-2048x1365.jpg 2048w\" sizes=\"auto, (max-width: 767px) 89vw, (max-width: 1000px) 54vw, (max-width: 1071px) 543px, 580px\" \/><\/figure>\n","protected":false},"excerpt":{"rendered":"<p>Du hast Kinder und &#8230; &#8230; f\u00fchlst du dich manchmal nicht wohl als Mutter oder Vater? &#8230; bist manchmal von dir entt\u00e4uscht, wenn du dich mit deinen Kindern reden h\u00f6rst? &#8230; f\u00fchlst dich manchmal \u00fcberfordert mit deinem w\u00fctenden Kind? &#8230; ertappst dich manchmal dabei, deine Familie mit anderen zu vergleichen und dich dann schlecht zu &hellip; <\/p>\n<p class=\"link-more\"><a href=\"https:\/\/www.steffy.at\/index.php\/und-jetzt-bist-du-dran\/\" class=\"more-link\">Continue reading<span class=\"screen-reader-text\"> &#8222;&#8230; und jetzt bist Du dran&#8220;<\/span><\/a><\/p>\n","protected":false},"author":2,"featured_media":164,"parent":0,"menu_order":0,"comment_status":"closed","ping_status":"closed","template":"","meta":{"footnotes":""},"class_list":["post-80","page","type-page","status-publish","has-post-thumbnail","hentry"],"_links":{"self":[{"href":"https:\/\/www.steffy.at\/index.php\/wp-json\/wp\/v2\/pages\/80","targetHints":{"allow":["GET"]}}],"collection":[{"href":"https:\/\/www.steffy.at\/index.php\/wp-json\/wp\/v2\/pages"}],"about":[{"href":"https:\/\/www.steffy.at\/index.php\/wp-json\/wp\/v2\/types\/page"}],"author":[{"embeddable":true,"href":"https:\/\/www.steffy.at\/index.php\/wp-json\/wp\/v2\/users\/2"}],"replies":[{"embeddable":true,"href":"https:\/\/www.steffy.at\/index.php\/wp-json\/wp\/v2\/comments?post=80"}],"version-history":[{"count":12,"href":"https:\/\/www.steffy.at\/index.php\/wp-json\/wp\/v2\/pages\/80\/revisions"}],"predecessor-version":[{"id":629,"href":"https:\/\/www.steffy.at\/index.php\/wp-json\/wp\/v2\/pages\/80\/revisions\/629"}],"wp:featuredmedia":[{"embeddable":true,"href":"https:\/\/www.steffy.at\/index.php\/wp-json\/wp\/v2\/media\/164"}],"wp:attachment":[{"href":"https:\/\/www.steffy.at\/index.php\/wp-json\/wp\/v2\/media?parent=80"}],"curies":[{"name":"wp","href":"https:\/\/api.w.org\/{rel}","templated":true}]}}