{"id":71,"date":"2024-02-17T11:24:18","date_gmt":"2024-02-17T10:24:18","guid":{"rendered":"https:\/\/www.steffy.at\/?page_id=71"},"modified":"2025-04-14T19:09:19","modified_gmt":"2025-04-14T17:09:19","slug":"meine-geschichte","status":"publish","type":"page","link":"https:\/\/www.steffy.at\/index.php\/meine-geschichte\/","title":{"rendered":"Meine Geschichte"},"content":{"rendered":"\n<p>Ich bin am 06.06.1980 in L\u00fcbeck\/Deutschland geboren, und habe 2001 mein Staatsexamen zur Tanz und Gymnastiklehrerin mit dem Schwerpunkt Bewegung und Musik absolviert. Direkt nach dem Abschluss bin ich nach \u00d6sterreich gezogen.<\/p>\n\n\n\n<p>Im Dezember 2004 ist mein erster Sohn Julian geboren. Mein Mann und ich sind jung Eltern geworden, wir waren erst kurz zusammen und sehr schnell auf einmal eine kleine Familie. Das fr\u00fche Mamawerden hat mich in meiner Entwicklung ziemlich gepr\u00e4gt; mir war  schnell klar, dass sich das \u201ealte\u201c Begleiten von Kindern f\u00fcr mich nicht stimmig anf\u00fchlt. Gl\u00fccklicher Weise bin ich auf die Kleinkindp\u00e4dagogik der Kinder\u00e4rztin Emmi Pikler gesto\u00dfen, die mir in ihren B\u00fcchern die Einf\u00fchrung in die autonome Bewegungsentwicklung, das freie Spiel, die beziehungsvolle Pflege, soziales Lernen und das f\u00fcr mich wichtigste, das wertfreie Beobachten gelehrt hat.<\/p>\n\n\n\n<p>Im August 2006 ist mein zweiter Sohn Jonathan geboren, meine erste Hausgeburt. Ab da hat sich gezeigt, dass der Sprung von einem kleinen Kind zu auf einmal 2 kleinen Kindern zu haben enorm ist. Stillen, Wickeln und Schlafen haben meinen Alltag bestimmt. Zum Gl\u00fcck bin ich sehr fr\u00fch auf die Eltern-Kind Spielr\u00e4ume von Brigitte Moser getroffen, da habe ich gelernt bei mir zu bleiben und zu mir und meiner Familie zu stehen. Zu den Spielr\u00e4umen geh\u00f6ren auch die wertvollen, regelm\u00e4\u00dfigen Gespr\u00e4chsabende f\u00fcr Eltern. Bei diesen Abenden habe ich mir jedes Mal so viel mitgenommen, dass ich daran wachsen konnte, wodurch ich mich immer sicherer in meiner Rolle als Mutter gef\u00fchlt habe.<\/p>\n\n\n\n<p>Die erste Kinderbetreuung schwebte im Raum, und wie das Leben es will, hat sich eine Gruppe Menschen versucht eine elternverwaltete Kindergruppe zu gr\u00fcnden, der wir uns angeschlossen haben. Der Plan ging auf und diese Gruppe besteht immer noch. Wir haben Julian mit 3 Jahren dort hineinbegleitet und uns als Eltern dort sehr viel eingebracht. Das hat uns ein famili\u00e4res und wohliges Gef\u00fchl gegeben.<\/p>\n\n\n\n<p>Die Pikler P\u00e4dagogik hat mich so sehr inspiriert das ich von 2009-2010 den Emmi Pikler-Grundkurs absolviert habe. Kaum war ich damit fertig, ist im Januar 2010 unser 3. Kind Linus geboren ist. Er hat einfach noch gefehlt.<\/p>\n\n\n\n<p>Und auf einmal sind wir ganz sch\u00f6n viele, mein Mann war fertig mit seinem Studium und hat Vollzeit auf der BOKU angefangen zu arbeiten und ich war daheim mit den Kindern. Erf\u00fcllend und herausfordernd gleichzeitig.<\/p>\n\n\n\n<p>2011 kam noch ein KH Aufenthalt mit einem 1,5 j\u00e4hrigen Linus dazu, der mich hat k\u00e4mpfen lassen wie eine L\u00f6win und mir gezeigt hat, dass wir M\u00fctter manchmal wirklich sehr harte Arbeit leisten m\u00fcssen, um f\u00fcr unsere Kinder gut da sein zu k\u00f6nnen. Im selben Jahr hat Julian mit der Schule begonnen, die Freiraumschule hat sich f\u00fcr uns als Familie als die beste rauskristallisiert und bis heute bew\u00e4hrt.<\/p>\n\n\n\n<figure class=\"wp-block-image size-large is-resized\"><img loading=\"lazy\" decoding=\"async\" width=\"1024\" height=\"683\" src=\"https:\/\/www.steffy.at\/wp-content\/uploads\/2024\/04\/steffy_borgwardt\u00a9susanne_auer-web-25-1024x683.jpg\" alt=\"\" class=\"wp-image-530\" style=\"width:484px;height:auto\" srcset=\"https:\/\/www.steffy.at\/wp-content\/uploads\/2024\/04\/steffy_borgwardt\u00a9susanne_auer-web-25-1024x683.jpg 1024w, https:\/\/www.steffy.at\/wp-content\/uploads\/2024\/04\/steffy_borgwardt\u00a9susanne_auer-web-25-300x200.jpg 300w, https:\/\/www.steffy.at\/wp-content\/uploads\/2024\/04\/steffy_borgwardt\u00a9susanne_auer-web-25-768x512.jpg 768w, https:\/\/www.steffy.at\/wp-content\/uploads\/2024\/04\/steffy_borgwardt\u00a9susanne_auer-web-25-1536x1024.jpg 1536w, https:\/\/www.steffy.at\/wp-content\/uploads\/2024\/04\/steffy_borgwardt\u00a9susanne_auer-web-25-2048x1365.jpg 2048w\" sizes=\"auto, (max-width: 767px) 89vw, (max-width: 1000px) 54vw, (max-width: 1071px) 543px, 580px\" \/><\/figure>\n\n\n\n<p>Das Leben mit Kindern kostet doch einiges, somit habe ich 2012 angefangen im Popolini zu arbeiten, das war sehr sch\u00f6n, so nah an den Menschen, in der Schwangerschaft, mit einem Neugeborenen und als Familie, dort habe ich gemerkt, wie sehr ich es liebe Menschen zu begleiten und ihnen zu zeigen das alles in uns steckt und wir es nur manchmal nicht sehen.<\/p>\n\n\n\n<p>Unser Leben ist gut gef\u00fcllt mit Kindergruppe, Schule, Arbeiten\u2026 doch scheinbar war noch Platz. Im April 2015 ist mein vierter Sohn Wendolin geboren. Das war wirklich eine wundersch\u00f6ne \u00dcberraschung. Da meine Eltern 2011 aus Norddeutschland nach Wien gezogen sind, hatten wir auf einmal eine gro\u00dfe Unterst\u00fctzung um uns, die wir gebraucht haben. Es war f\u00fcr mich und meine Entwicklung wichtig, dass ich wei\u00df, dass wir es auch \u201ealleine\u201c schaffen, und konnte gleichzeitig lernen, dass ich auch Hilfe annehmen darf.<\/p>\n\n\n\n<p>2018 hatten mein Mann Flo und ich endlich Zeit um zu heiraten &#8211; das war f\u00fcr uns ein wundersch\u00f6ner Moment, der uns sehr gl\u00fccklich gemacht hat.<\/p>\n\n\n\n<p>2021 ein turbulentes Jahr auf vielen Ebenen, bringt uns die gr\u00f6\u00dfte \u00dcberraschung. Im M\u00e4rz ist Quentin, der f\u00fcnfte Sohn, geboren. Da ich Schwangersein, Geburten mit allem was dazu geh\u00f6rt sehr liebe, waren wir f\u00fcr alles bereit.   \u2026.und das mussten wir auch, mein K\u00f6rper hat mir klar gezeigt, dass ich mich noch besser um mich k\u00fcmmern darf. Somit lernte ich  alles mal abzugeben, mich um mich zu k\u00fcmmern, und zu vertrauen. Mit Unterst\u00fctzung von Familie und Freunden. Unser gro\u00dfartiges Netzwerk was wir uns in den letzten 19 Jahren aufgebaut haben, hat uns dazu gebracht alles zu bew\u00e4ltigen.<\/p>\n\n\n\n<p>2024 habe ich einen gro\u00dfen Schritt gewagt. Mein innerer Drang all mein Wissen und gelerntes in die Welt zu tragen war so gro\u00df, das ich den Schritt in die Selbst\u00e4ndigkeit gewagt habe.  Dank Flos Unterst\u00fctzung und viel Zutrauen meiner Freunde, haben sich viele T\u00fcren ge\u00f6ffnet. Auf einmal leite ich selber Emmi Pikler Spielr\u00e4ume. Was f\u00fcr eine riesen Freude mir das bereitet ist nicht in Worte zu fassen. Die Kinder in ihrerm Tun zu beobachten, die Eltern dabei unterst\u00fctzen zu vertrauen. <br>Einen neuen Blick auf das eigene Kind zu bekommen und zu lernen sich am Dasein des Kindes zu erfreuen, ist f\u00fcr mich das wichtigste was ich Menschen auf ihren Weg als Eltern mitgeben m\u00f6chte . <br>Dann hat Julian, unser erster Sohn dieses Jahr die Matura abgeschlo\u00dfen, und ist gleich darauf mit seinen Freunden in eine WG gezogen. Ein ganz neues Gef\u00fchl von Loslassen und gleichzeitig so viel Freude haben mich \u00fcberstr\u00f6mt.<br><\/p>\n\n\n\n<p>2025 habe ich den Pfad der Emmi Pikler Ausbildung wieder aufgenommen und darf mich nun aus einer v\u00f6llig neuen Perpektive beobachten, nicht nur als Mama sondern auch als Spielgruppenleiterin. Ich habe das Gl\u00fcck Brigitte Moser, als Mentorin und Freundin an meiner Seite zu haben. Sie ist von Beginn an durch die Pikler Spielr\u00e4ume, Gespr\u00e4chsabende, Elterntankstelle, und bis heute an meiner Seite. Ihr Austausch mit ihr, n\u00e4hrt und erfrischt mich jedes mal aufs Neue.<\/p>\n\n\n\n<p>Das Leben bringt so viele wundersch\u00f6ne Momente, das stetige Wachsen meiner Kinder l\u00e4sst mich staunen, wie gro\u00dfartig jeder auf unterschiedlichste Weise mit Themen wie Digitalisierung, die gro\u00dfe Liebe, Anderssein, Fortgehen etc. umgeht, und das Leben meistert, mich dran teilhaben l\u00e4sst oder auch nicht. <br><\/p>\n\n\n\n<p><\/p>\n","protected":false},"excerpt":{"rendered":"<p>Ich bin am 06.06.1980 in L\u00fcbeck\/Deutschland geboren, und habe 2001 mein Staatsexamen zur Tanz und Gymnastiklehrerin mit dem Schwerpunkt Bewegung und Musik absolviert. Direkt nach dem Abschluss bin ich nach \u00d6sterreich gezogen. Im Dezember 2004 ist mein erster Sohn Julian geboren. Mein Mann und ich sind jung Eltern geworden, wir waren erst kurz zusammen und &hellip; <\/p>\n<p class=\"link-more\"><a href=\"https:\/\/www.steffy.at\/index.php\/meine-geschichte\/\" class=\"more-link\">Continue reading<span class=\"screen-reader-text\"> &#8222;Meine Geschichte&#8220;<\/span><\/a><\/p>\n","protected":false},"author":2,"featured_media":164,"parent":0,"menu_order":0,"comment_status":"closed","ping_status":"closed","template":"","meta":{"footnotes":""},"class_list":["post-71","page","type-page","status-publish","has-post-thumbnail","hentry"],"_links":{"self":[{"href":"https:\/\/www.steffy.at\/index.php\/wp-json\/wp\/v2\/pages\/71","targetHints":{"allow":["GET"]}}],"collection":[{"href":"https:\/\/www.steffy.at\/index.php\/wp-json\/wp\/v2\/pages"}],"about":[{"href":"https:\/\/www.steffy.at\/index.php\/wp-json\/wp\/v2\/types\/page"}],"author":[{"embeddable":true,"href":"https:\/\/www.steffy.at\/index.php\/wp-json\/wp\/v2\/users\/2"}],"replies":[{"embeddable":true,"href":"https:\/\/www.steffy.at\/index.php\/wp-json\/wp\/v2\/comments?post=71"}],"version-history":[{"count":14,"href":"https:\/\/www.steffy.at\/index.php\/wp-json\/wp\/v2\/pages\/71\/revisions"}],"predecessor-version":[{"id":867,"href":"https:\/\/www.steffy.at\/index.php\/wp-json\/wp\/v2\/pages\/71\/revisions\/867"}],"wp:featuredmedia":[{"embeddable":true,"href":"https:\/\/www.steffy.at\/index.php\/wp-json\/wp\/v2\/media\/164"}],"wp:attachment":[{"href":"https:\/\/www.steffy.at\/index.php\/wp-json\/wp\/v2\/media?parent=71"}],"curies":[{"name":"wp","href":"https:\/\/api.w.org\/{rel}","templated":true}]}}