{"id":647,"date":"2024-08-25T22:57:08","date_gmt":"2024-08-25T20:57:08","guid":{"rendered":"https:\/\/www.steffy.at\/?page_id=647"},"modified":"2025-11-06T20:23:51","modified_gmt":"2025-11-06T19:23:51","slug":"spielgruppe","status":"publish","type":"page","link":"https:\/\/www.steffy.at\/index.php\/spielgruppe\/","title":{"rendered":"Eltern-Kind-Spielraum"},"content":{"rendered":"\n<p><strong>Spielraum nach Emmi Pikler <\/strong><br>in der VHS Brigittenau<br><a href=\"https:\/\/www.vhs.at\/de\/e\/brigittenau\">https:\/\/www.vhs.at\/de\/e\/brigittenau<\/a><\/p>\n\n\n\n<p>Kurstag: Dienstag <br>Kurszeit: 9:30-10:30 (7-14 Monate)<br>Kurstag: Dienstag<br>Kurszeit: 10:45-12:15 (12-19 Monate)<br>Gespr\u00e4chsRaum am Abend ( 2x Dienstag von 18:30-20:30)<\/p>\n\n\n\n<p>Ein Pikler-SpielRaum nach den p\u00e4dagogischen Vorstellungen Emmi Piklers, ist ein Spielraum f\u00fcr Kinder zwischen ca 7 und 28 Monaten und Eltern. Ein Spielraum bietet den Eltern die M\u00f6glichkeit, die kindliche Eigenaktivit\u00e4t beobachten zu lernen: durch aufmerksame Anwesenheit und Interesse f\u00fcr das Tun der Kinder wollen wir Erwachsene versuchen, den Kindern Zeit und Raum zum freien Spiel zu lassen und sie bei selbst\u00e4ndigen Erkunden, Ausprobieren und Handhaben geeigneter Materialien zu beobachten.<br>Abendliche Gespr\u00e4chsrunden f\u00fcr Eltern bieten die M\u00f6glichkeit die Beobachtung des Vormittag nachzubesprechen und die Pikler P\u00e4dagogik zu vertiefen. Nat\u00fcrlich haben dabei alle Fragen Vorrang, die als Mutter oder Vater aus dem dem t\u00e4glichen Leben mit Kindern mitbringst.<\/p>\n\n\n\n<p><\/p>\n\n\n\n<p><\/p>\n\n\n\n<p><strong>Eltern-Kind-Spielraum auf Basis der Emmi Pikler P\u00e4dagogik<\/strong> <br>im Spielringel <a href=\"https:\/\/spielringel.at\/\">https:\/\/spielringel.at\/<\/a><\/p>\n\n\n\n<p>Kurstag: Montag<br>7-13 Monate<br>Kurszeit: 09:30-10:30<br>zus\u00e4tzlich 2x Mittwoch Abend 18:30-20:30<\/p>\n\n\n\n<p>Kurstag: Montag <br>12-24 Monate<br>Kurszeit: 10:45-11:45<br>zus\u00e4tzlich 2x Mittwoch Abend 18:30-20:30<\/p>\n\n\n\n<p>Kurstag: Mittwoch<br>10-24 Monate<br>Kurszeit: 09:30-10:30 <br>zus\u00e4tzlich 2x Mittwoch Abend 18:30-20:30<\/p>\n\n\n\n<p>Im Eltern Kind Spielraum, triffst du auf eine von mir vorbereitete Umgebung, in der dein Kind die M\u00f6glichkeit bekommt herauszufinden, was gerade dran ist.<br>In diesem Moment, aus dem Innersten heraus.<br>Die Kinder sind in ihrer Entwicklung sehr unterschiedlich, und nutzen das verlockende Angebot auf ihre eigene Art und Weise. Manche erforschen das Material, bei manchen ist gerade die Bewegung dran und dann gibt es Kinder, die gerne bei ihrer Begleitperson bleiben und beobachten.<br>Ich lade dich herzlich ein, alle Erwartungen vor der T\u00fcr zu lassen und dich an dem Dasein deines Kindes zu erfreuen.<br>Als Spielgruppenleiterin sehe ich meine Aufgabe im Beobachten der Kinder bei seinen Aktivit\u00e4ten, ich halte den Raum und gebe Sicherheit. Wenn sich Fragen aus einer entstehenden Situation ergeben, beantworte ich sie gerne.<\/p>\n\n\n\n<p>Spielringel <br>Mollgasse 11-13<br>1180 Wien<\/p>\n\n\n\n<p><\/p>\n\n\n\n<p><\/p>\n\n\n\n<p><\/p>\n\n\n\n<p>KURS <strong>BEWEGUNGSWELT <\/strong> <br>Im Biolino <a href=\"https:\/\/www.biolino.at\/\">https:\/\/www.biolino.at\/<\/a><\/p>\n\n\n\n<p>Kurstag: Donnerstag <br>Kurszeit: 09.30 &#8211; 10.30 Uhr <br>Krabbelalter bis 20 Monate<\/p>\n\n\n\n<p>Der vorbereitete Raum, mit Spiele- und Entdeckungsstationen, bietet deinem Kind alle M\u00f6glichkeiten. Es darf Beobachten, Krabbeln, Klettern, Rollen oder bei der Begleitperson bleiben.<br>Jedes Kind darf die Bewegungsumgebung f\u00fcr sich selbst nutzen wie es mag. Es bekommt die M\u00f6glichkeit eigene Entscheidungen zu treffen, was traue ich mir zu und erweitert somit die eigenen F\u00e4higkeiten und die Selbsteinsch\u00e4tzung.<br>Der Raum wird durch mich gehalten. Ich beobachte dein Kind und gibt dadurch Sicherheit und Freiheit.<br>Du bist eingeladen, dich zu entspannen, dein Kind mit Freude zu beobachten und es vielleicht unter einem neuen Blickwinkel zu sehen.<br>Damit dein Kind sich gut und frei bewegen kann, ist es von Vorteil, dass es gem\u00fctliche, weiche Kleidung tr\u00e4gt. Der Raum ist in der kalten Jahreszeit wohlig warm, so dass gerne barfu\u00df gespielt werden kann.<\/p>\n\n\n\n<p><\/p>\n\n\n\n<p><\/p>\n\n\n\n<p>KURS <strong>BEWEGUNG UND SINNE<\/strong> <\/p>\n\n\n\n<p>Kurstag: Donnerstag <br>Kurszeit: 11.00 &#8211; 12.00 Uhr <br>Alter: 5-13 Monate <br>Bewegungs-, Spiel-, und Sinnesspielgruppe f\u00fcr die J\u00fcngsten<\/p>\n\n\n\n<p>Hier k\u00f6nnen die j\u00fcngsten Entdecker*innen im Alter von 5 bis 13 Monaten auf spielerische Weise erste Sinneserfahrungen sammeln und ihre motorischen F\u00e4higkeiten in einer sicheren Umgebung ausprobieren. In meiner vorbereiteten Bewegungs- und Spiellandschaft erwartet die Kinder ein verlockenendes Angebot. Sie haben die M\u00f6glichkeit den Raum zu erkunden, in dem vielf\u00e4ltige Materialien und Strukturen angeboten werden, die ihre Neugier wecken und ihre sensorische Wahrnehmung f\u00f6rdern.<\/p>\n\n\n\n<p>Die Entdecker*innen k\u00f6nnen sich frei und in ihrem eigenen Tempo bewegen, w\u00e4hrend du dich entspannt zur\u00fcck nimmst und dein Kind beobachtest. Ich lade dich ein, dich von allen Erwartungen zu befreien und dein Kind im Spiel, die Umgebung so entdecken zu lassen, wie es m\u00f6chte. Sich an dem Sein des Kindes zu erfreuen, ist das gr\u00f6sste Geschenk was man den Kindern gibt.<\/p>\n\n\n\n<p>Unsere \u201eBewegung und Sinne\u201c-Gruppe schafft eine warme und sichere Atmosph\u00e4re f\u00fcr Entdeckerfreude und Entspannung \u2013 eine wundersch\u00f6ne Zeit f\u00fcr Babys und ihre Eltern, um gemeinsam neue Erfahrungen zu machen.<\/p>\n\n\n\n<p><\/p>\n\n\n\n<p><strong>Biolino Institut<\/strong><br>Sandwirtgasse 13\/12<br>1060 Wien<br><strong>T<\/strong>&nbsp;+43 677 628 929 70<\/p>\n\n\n\n<p><br><\/p>\n\n\n\n<p><a href=\"https:\/\/www.biolino.at\/spielgruppen\">https:\/\/www.biolino.at\/spielgruppen<\/a><\/p>\n","protected":false},"excerpt":{"rendered":"<p>Spielraum nach Emmi Pikler in der VHS Brigittenauhttps:\/\/www.vhs.at\/de\/e\/brigittenau Kurstag: Dienstag Kurszeit: 9:30-10:30 (7-14 Monate)Kurstag: DienstagKurszeit: 10:45-12:15 (12-19 Monate)Gespr\u00e4chsRaum am Abend ( 2x Dienstag von 18:30-20:30) Ein Pikler-SpielRaum nach den p\u00e4dagogischen Vorstellungen Emmi Piklers, ist ein Spielraum f\u00fcr Kinder zwischen ca 7 und 28 Monaten und Eltern. Ein Spielraum bietet den Eltern die M\u00f6glichkeit, die kindliche &hellip; <\/p>\n<p class=\"link-more\"><a href=\"https:\/\/www.steffy.at\/index.php\/spielgruppe\/\" class=\"more-link\">Continue reading<span class=\"screen-reader-text\"> &#8222;Eltern-Kind-Spielraum&#8220;<\/span><\/a><\/p>\n","protected":false},"author":2,"featured_media":0,"parent":0,"menu_order":0,"comment_status":"closed","ping_status":"closed","template":"","meta":{"footnotes":""},"class_list":["post-647","page","type-page","status-publish","hentry"],"_links":{"self":[{"href":"https:\/\/www.steffy.at\/index.php\/wp-json\/wp\/v2\/pages\/647","targetHints":{"allow":["GET"]}}],"collection":[{"href":"https:\/\/www.steffy.at\/index.php\/wp-json\/wp\/v2\/pages"}],"about":[{"href":"https:\/\/www.steffy.at\/index.php\/wp-json\/wp\/v2\/types\/page"}],"author":[{"embeddable":true,"href":"https:\/\/www.steffy.at\/index.php\/wp-json\/wp\/v2\/users\/2"}],"replies":[{"embeddable":true,"href":"https:\/\/www.steffy.at\/index.php\/wp-json\/wp\/v2\/comments?post=647"}],"version-history":[{"count":36,"href":"https:\/\/www.steffy.at\/index.php\/wp-json\/wp\/v2\/pages\/647\/revisions"}],"predecessor-version":[{"id":939,"href":"https:\/\/www.steffy.at\/index.php\/wp-json\/wp\/v2\/pages\/647\/revisions\/939"}],"wp:attachment":[{"href":"https:\/\/www.steffy.at\/index.php\/wp-json\/wp\/v2\/media?parent=647"}],"curies":[{"name":"wp","href":"https:\/\/api.w.org\/{rel}","templated":true}]}}